{"id":331,"date":"2026-03-14T16:33:52","date_gmt":"2026-03-14T13:33:52","guid":{"rendered":"https:\/\/19medya.com\/?page_id=331"},"modified":"2026-03-14T16:50:33","modified_gmt":"2026-03-14T13:50:33","slug":"basin","status":"publish","type":"page","link":"https:\/\/19medya.com\/en\/basin\/","title":{"rendered":"Press"},"content":{"rendered":"\t\t<div data-elementor-type=\"wp-page\" data-elementor-id=\"331\" class=\"elementor elementor-331\">\n\t\t\t\t<div class=\"elementor-element elementor-element-2cb0462 e-flex e-con-boxed e-con e-parent\" data-id=\"2cb0462\" data-element_type=\"container\" data-e-type=\"container\" data-settings=\"{&quot;background_background&quot;:&quot;video&quot;,&quot;background_video_link&quot;:&quot;https:\\\/\\\/youtu.be\\\/l-0N7i12LeM&quot;,&quot;background_play_on_mobile&quot;:&quot;yes&quot;}\">\n\t\t\t\t\t<div class=\"e-con-inner\">\n\t\t<div class=\"elementor-background-video-container\">\n\t\t\t\t\t\t\t<div class=\"elementor-background-video-embed\" role=\"presentation\"><\/div>\n\t\t\t\t\t\t<\/div><div class=\"elementor-element elementor-element-e7e4104 e-con-full e-flex e-con e-child\" data-id=\"e7e4104\" data-element_type=\"container\" data-e-type=\"container\">\n\t\t<div class=\"elementor-element elementor-element-d303783 e-con-full e-flex e-con e-child\" data-id=\"d303783\" data-element_type=\"container\" data-e-type=\"container\">\n\t\t\t\t<div class=\"elementor-element elementor-element-1ea56c8 elementor-invisible elementor-widget elementor-widget-gum_heading\" data-id=\"1ea56c8\" data-element_type=\"widget\" data-e-type=\"widget\" data-settings=\"{&quot;_animation&quot;:&quot;fadeInUp&quot;}\" data-widget_type=\"gum_heading.default\">\n\t\t\t\t<div class=\"elementor-widget-container\">\n\t\t\t\t\t<div class=\"gum-widget-title\"><h1 class=\"section-main-title size-default\">Press<\/h1><\/div>\t\t\t\t<\/div>\n\t\t\t\t<\/div>\n\t\t\t\t<\/div>\n\t\t\t\t<\/div>\n\t\t\t\t\t<\/div>\n\t\t\t\t<\/div>\n\t\t<div class=\"elementor-element elementor-element-9851a85 e-flex e-con-boxed e-con e-parent\" data-id=\"9851a85\" data-element_type=\"container\" data-e-type=\"container\">\n\t\t\t\t\t<div class=\"e-con-inner\">\n\t\t<div class=\"elementor-element elementor-element-9a98000 e-con-full e-flex e-con e-child\" data-id=\"9a98000\" data-element_type=\"container\" data-e-type=\"container\">\n\t\t<div class=\"elementor-element elementor-element-5ede78a e-con-full e-flex e-con e-child\" data-id=\"5ede78a\" data-element_type=\"container\" data-e-type=\"container\">\n\t\t\t\t<div class=\"elementor-element elementor-element-96805da elementor-invisible elementor-widget elementor-widget-elementskit-heading\" data-id=\"96805da\" data-element_type=\"widget\" data-e-type=\"widget\" data-settings=\"{&quot;_animation&quot;:&quot;fadeInUp&quot;}\" data-widget_type=\"elementskit-heading.default\">\n\t\t\t\t\t<div class=\"ekit-wid-con\" ><div class=\"ekit-heading elementskit-section-title-wraper text_center   ekit_heading_tablet-   ekit_heading_mobile-\"><div class=\"ekit-heading--title elementskit-section-title text_fill\"><span><span>\u2726<\/span><\/span> 19 Medya<\/div><\/div><\/div>\t\t\t\t<\/div>\n\t\t\t\t<div class=\"elementor-element elementor-element-2c6d01e elementor-widget__width-initial elementor-invisible elementor-widget elementor-widget-elementskit-heading\" data-id=\"2c6d01e\" data-element_type=\"widget\" data-e-type=\"widget\" data-settings=\"{&quot;_animation&quot;:&quot;fadeInUp&quot;,&quot;_animation_delay&quot;:200}\" data-widget_type=\"elementskit-heading.default\">\n\t\t\t\t\t<div class=\"ekit-wid-con\" ><div class=\"ekit-heading elementskit-section-title-wraper text_center   ekit_heading_tablet-text_left   ekit_heading_mobile-\"><h2 class=\"ekit-heading--title elementskit-section-title \">News <span><span> &amp; Announcements<\/span><\/span> from Us <\/h2><\/div><\/div>\t\t\t\t<\/div>\n\t\t\t\t<div class=\"elementor-element elementor-element-5087056 post-grid-col-3 post-grid-col-mobile-1 pagination-center elementor-widget elementor-widget-gum_posts_grid\" data-id=\"5087056\" data-element_type=\"widget\" data-e-type=\"widget\" data-widget_type=\"gum_posts_grid.default\">\n\t\t\t\t<div class=\"elementor-widget-container\">\n\t\t\t\t\t<div class=\"grid-posts\"><div class=\"grid-post grid-col-3 image-position-top\"><article id=\"post-352\" class=\"post-352 post type-post status-publish format-standard has-post-thumbnail hentry category-uncategorized\">\r\n      <div class=\"post-top\">\r\n        <div class=\"blog-image\" style=\"background-image: url('https:\/\/19medya.com\/wp-content\/uploads\/2026\/03\/ses-muhendisligi-19-medya-yapim-300x167.jpg');\"><img decoding=\"async\" src=\"https:\/\/19medya.com\/wp-content\/uploads\/2026\/03\/ses-muhendisligi-19-medya-yapim-300x167.jpg\" title=\"\" alt=\"\" \/><\/div>\r\n      <\/div>\r\n        <div class=\"post-content\">\r\n      <h2 class=\"post-title\"><a href=\"https:\/\/19medya.com\/en\/2026\/03\/14\/sanatci-markasini-yonetmek\/\">Sanat\u00e7\u0131 Markas\u0131n\u0131 Y\u00f6netmek<\/a><\/h2>                  <div class=\"elementor-button-wrap button-align-left\"><a class=\"elementor-button readmore-button elementor-button-link\" role=\"button\" href=\"https:\/\/19medya.com\/en\/2026\/03\/14\/sanatci-markasini-yonetmek\/\">\r\n          <span class=\"elementor-button-content-wrapper\">\r\n            <span class=\"elementor-button-icon elementor-align-icon-row-reverse\">\r\n          <svg class=\"ekit-svg-icon icon-right-arrow2\" viewBox=\"0 0 32 32\" xmlns=\"http:\/\/www.w3.org\/2000\/svg\"><path d=\"M31.788 16.544l-5.706-5.706c-0.262-0.262-0.688-0.262-0.95 0s-0.262 0.688 0 0.95l4.581 4.581h-20.481c-0.369 0-0.669 0.3-0.662 0.656 0 0.369 0.3 0.669 0.669 0.669h20.475l-4.581 4.581c-0.262 0.262-0.262 0.688 0 0.95 0.131 0.137 0.3 0.2 0.475 0.2s0.344-0.069 0.475-0.2l5.706-5.706c0.131-0.119 0.212-0.294 0.212-0.488 0-0.188-0.081-0.363-0.212-0.488zM6.206 16.369h-5.537c-0.369 0-0.662 0.3-0.669 0.669 0 0.369 0.3 0.669 0.669 0.669h5.537c0.369 0 0.669-0.3 0.669-0.669s-0.3-0.669-0.669-0.669z\"><\/path><\/svg>      <\/span>\r\n            <span class=\"elementor-button-text\">Read More<\/span>\r\n    <\/span>\r\n  <\/a><\/div>  <\/div>\r\n  <\/article>\r\n<\/div><div class=\"grid-post grid-col-3 image-position-top\"><article id=\"post-350\" class=\"post-350 post type-post status-publish format-standard has-post-thumbnail hentry category-uncategorized\">\r\n      <div class=\"post-top\">\r\n        <div class=\"blog-image\" style=\"background-image: url('https:\/\/19medya.com\/wp-content\/uploads\/2026\/03\/sinema-19medya-yapim-300x167.jpg');\"><img decoding=\"async\" src=\"https:\/\/19medya.com\/wp-content\/uploads\/2026\/03\/sinema-19medya-yapim-300x167.jpg\" title=\"\" alt=\"\" \/><\/div>\r\n      <\/div>\r\n        <div class=\"post-content\">\r\n      <h2 class=\"post-title\"><a href=\"https:\/\/19medya.com\/en\/2026\/03\/14\/sinemadan-dijital-platformlara-hikaye-anlaticiligi\/\">Sinemadan Dijital Platformlara Hikaye Anlat\u0131c\u0131l\u0131\u011f\u0131<\/a><\/h2>                  <div class=\"elementor-button-wrap button-align-left\"><a class=\"elementor-button readmore-button elementor-button-link\" role=\"button\" href=\"https:\/\/19medya.com\/en\/2026\/03\/14\/sinemadan-dijital-platformlara-hikaye-anlaticiligi\/\">\r\n          <span class=\"elementor-button-content-wrapper\">\r\n            <span class=\"elementor-button-icon elementor-align-icon-row-reverse elementor-button-icon elementor-align-icon-row-reverse\">\r\n          <svg class=\"ekit-svg-icon icon-right-arrow2\" viewBox=\"0 0 32 32\" xmlns=\"http:\/\/www.w3.org\/2000\/svg\"><path d=\"M31.788 16.544l-5.706-5.706c-0.262-0.262-0.688-0.262-0.95 0s-0.262 0.688 0 0.95l4.581 4.581h-20.481c-0.369 0-0.669 0.3-0.662 0.656 0 0.369 0.3 0.669 0.669 0.669h20.475l-4.581 4.581c-0.262 0.262-0.262 0.688 0 0.95 0.131 0.137 0.3 0.2 0.475 0.2s0.344-0.069 0.475-0.2l5.706-5.706c0.131-0.119 0.212-0.294 0.212-0.488 0-0.188-0.081-0.363-0.212-0.488zM6.206 16.369h-5.537c-0.369 0-0.662 0.3-0.669 0.669 0 0.369 0.3 0.669 0.669 0.669h5.537c0.369 0 0.669-0.3 0.669-0.669s-0.3-0.669-0.669-0.669z\"><\/path><\/svg>      <\/span>\r\n            <span class=\"elementor-button-text\">Read More<\/span>\r\n    <\/span>\r\n  <\/a><\/div>  <\/div>\r\n  <\/article>\r\n<\/div><div class=\"grid-post grid-col-3 image-position-top\"><article id=\"post-346\" class=\"post-346 post type-post status-publish format-standard has-post-thumbnail hentry category-uncategorized\">\r\n      <div class=\"post-top\">\r\n        <div class=\"blog-image\" style=\"background-image: url('https:\/\/19medya.com\/wp-content\/uploads\/2026\/03\/dizi-tv-programlari-19-medya-yapim-300x167.jpg');\"><img decoding=\"async\" src=\"https:\/\/19medya.com\/wp-content\/uploads\/2026\/03\/dizi-tv-programlari-19-medya-yapim-300x167.jpg\" title=\"\" alt=\"\" \/><\/div>\r\n      <\/div>\r\n        <div class=\"post-content\">\r\n      <h2 class=\"post-title\"><a href=\"https:\/\/19medya.com\/en\/2026\/03\/12\/gorsel-ve-isitsel-estetigin-uyumu\/\">G\u00f6rsel ve \u0130\u015fitsel Esteti\u011fin Uyumu<\/a><\/h2>                  <div class=\"elementor-button-wrap button-align-left\"><a class=\"elementor-button readmore-button elementor-button-link\" role=\"button\" href=\"https:\/\/19medya.com\/en\/2026\/03\/12\/gorsel-ve-isitsel-estetigin-uyumu\/\">\r\n          <span class=\"elementor-button-content-wrapper\">\r\n            <span class=\"elementor-button-icon elementor-align-icon-row-reverse elementor-button-icon elementor-align-icon-row-reverse elementor-button-icon elementor-align-icon-row-reverse\">\r\n          <svg class=\"ekit-svg-icon icon-right-arrow2\" viewBox=\"0 0 32 32\" xmlns=\"http:\/\/www.w3.org\/2000\/svg\"><path d=\"M31.788 16.544l-5.706-5.706c-0.262-0.262-0.688-0.262-0.95 0s-0.262 0.688 0 0.95l4.581 4.581h-20.481c-0.369 0-0.669 0.3-0.662 0.656 0 0.369 0.3 0.669 0.669 0.669h20.475l-4.581 4.581c-0.262 0.262-0.262 0.688 0 0.95 0.131 0.137 0.3 0.2 0.475 0.2s0.344-0.069 0.475-0.2l5.706-5.706c0.131-0.119 0.212-0.294 0.212-0.488 0-0.188-0.081-0.363-0.212-0.488zM6.206 16.369h-5.537c-0.369 0-0.662 0.3-0.669 0.669 0 0.369 0.3 0.669 0.669 0.669h5.537c0.369 0 0.669-0.3 0.669-0.669s-0.3-0.669-0.669-0.669z\"><\/path><\/svg>      <\/span>\r\n            <span class=\"elementor-button-text\">Read More<\/span>\r\n    <\/span>\r\n  <\/a><\/div>  <\/div>\r\n  <\/article>\r\n<\/div><\/div><div class=\"not-empty\">&nbsp;<\/div>\t\t\t\t<\/div>\n\t\t\t\t<\/div>\n\t\t\t\t<\/div>\n\t\t\t\t<\/div>\n\t\t\t\t\t<\/div>\n\t\t\t\t<\/div>\n\t\t\t\t<\/div>\n\t\t","protected":false},"excerpt":{"rendered":"<p>Press \u2726 19 Medya News &amp; Announcements from Us Sanat\u00e7\u0131 Markas\u0131n\u0131 Y\u00f6netmek Read More Sinemadan Dijital Platformlara Hikaye Anlat\u0131c\u0131l\u0131\u011f\u0131 Read More G\u00f6rsel ve \u0130\u015fitsel Esteti\u011fin Uyumu Read More &nbsp;<\/p>\n","protected":false},"author":1,"featured_media":0,"parent":0,"menu_order":0,"comment_status":"closed","ping_status":"closed","template":"","meta":{"footnotes":""},"class_list":["post-331","page","type-page","status-publish","hentry"],"_links":{"self":[{"href":"https:\/\/19medya.com\/en\/wp-json\/wp\/v2\/pages\/331","targetHints":{"allow":["GET"]}}],"collection":[{"href":"https:\/\/19medya.com\/en\/wp-json\/wp\/v2\/pages"}],"about":[{"href":"https:\/\/19medya.com\/en\/wp-json\/wp\/v2\/types\/page"}],"author":[{"embeddable":true,"href":"https:\/\/19medya.com\/en\/wp-json\/wp\/v2\/users\/1"}],"replies":[{"embeddable":true,"href":"https:\/\/19medya.com\/en\/wp-json\/wp\/v2\/comments?post=331"}],"version-history":[{"count":5,"href":"https:\/\/19medya.com\/en\/wp-json\/wp\/v2\/pages\/331\/revisions"}],"predecessor-version":[{"id":359,"href":"https:\/\/19medya.com\/en\/wp-json\/wp\/v2\/pages\/331\/revisions\/359"}],"wp:attachment":[{"href":"https:\/\/19medya.com\/en\/wp-json\/wp\/v2\/media?parent=331"}],"curies":[{"name":"wp","href":"https:\/\/api.w.org\/{rel}","templated":true}]}}